{"id":6177,"date":"2020-11-30T12:32:09","date_gmt":"2020-11-30T11:32:09","guid":{"rendered":"http:\/\/www.visality.de\/?page_id=6177"},"modified":"2021-03-23T10:04:49","modified_gmt":"2021-03-23T09:04:49","slug":"voss-besichtigung-abschluss","status":"publish","type":"page","link":"https:\/\/www.visality.de\/index.php\/voss-besichtigung-abschluss\/","title":{"rendered":"Besichtigung der VOSS Fluid GmbH (Abschluss)"},"content":{"rendered":"\t\t<div data-elementor-type=\"wp-page\" data-elementor-id=\"6177\" class=\"elementor elementor-6177\">\n\t\t\t\t\t\t<section class=\"elementor-section elementor-top-section elementor-element elementor-element-607f9b86 elementor-section-boxed elementor-section-height-default elementor-section-height-default\" data-id=\"607f9b86\" data-element_type=\"section\" data-e-type=\"section\">\n\t\t\t\t\t\t<div class=\"elementor-container elementor-column-gap-default\">\n\t\t\t\t\t<div class=\"elementor-column elementor-col-100 elementor-top-column elementor-element elementor-element-2cce5908\" data-id=\"2cce5908\" data-element_type=\"column\" data-e-type=\"column\">\n\t\t\t<div class=\"elementor-widget-wrap elementor-element-populated\">\n\t\t\t\t\t\t<section class=\"elementor-section elementor-inner-section elementor-element elementor-element-2b8ac64 elementor-section-boxed elementor-section-height-default elementor-section-height-default\" data-id=\"2b8ac64\" data-element_type=\"section\" data-e-type=\"section\">\n\t\t\t\t\t\t<div class=\"elementor-container elementor-column-gap-default\">\n\t\t\t\t\t<div class=\"elementor-column elementor-col-50 elementor-inner-column elementor-element elementor-element-096a3ce\" data-id=\"096a3ce\" data-element_type=\"column\" data-e-type=\"column\">\n\t\t\t<div class=\"elementor-widget-wrap\">\n\t\t\t\t\t\t\t<\/div>\n\t\t<\/div>\n\t\t\t\t<div class=\"elementor-column elementor-col-50 elementor-inner-column elementor-element elementor-element-519332c\" data-id=\"519332c\" data-element_type=\"column\" data-e-type=\"column\">\n\t\t\t<div class=\"elementor-widget-wrap\">\n\t\t\t\t\t\t\t<\/div>\n\t\t<\/div>\n\t\t\t\t\t<\/div>\n\t\t<\/section>\n\t\t\t\t<section class=\"elementor-section elementor-inner-section elementor-element elementor-element-8f7aa58 elementor-section-boxed elementor-section-height-default elementor-section-height-default\" data-id=\"8f7aa58\" data-element_type=\"section\" data-e-type=\"section\">\n\t\t\t\t\t\t<div class=\"elementor-container elementor-column-gap-default\">\n\t\t\t\t\t<div class=\"elementor-column elementor-col-33 elementor-inner-column elementor-element elementor-element-8b2ab68\" data-id=\"8b2ab68\" data-element_type=\"column\" data-e-type=\"column\">\n\t\t\t<div class=\"elementor-widget-wrap\">\n\t\t\t\t\t\t\t<\/div>\n\t\t<\/div>\n\t\t\t\t<div class=\"elementor-column elementor-col-33 elementor-inner-column elementor-element elementor-element-8e1c4d1\" data-id=\"8e1c4d1\" data-element_type=\"column\" data-e-type=\"column\">\n\t\t\t<div class=\"elementor-widget-wrap elementor-element-populated\">\n\t\t\t\t\t\t<div class=\"elementor-element elementor-element-86efcb0 elementor-widget elementor-widget-image\" data-id=\"86efcb0\" data-element_type=\"widget\" data-e-type=\"widget\" data-widget_type=\"image.default\">\n\t\t\t\t<div class=\"elementor-widget-container\">\n\t\t\t\t\t\t\t\t\t\t\t\t\t\t\t<img decoding=\"async\" width=\"206\" height=\"74\" src=\"https:\/\/www.visality.de\/wordpress\/wp-content\/uploads\/2021\/01\/Logo_VOSS-1.png\" class=\"attachment-large size-large wp-image-6226\" alt=\"\" \/>\t\t\t\t\t\t\t\t\t\t\t\t\t\t\t<\/div>\n\t\t\t\t<\/div>\n\t\t\t\t\t<\/div>\n\t\t<\/div>\n\t\t\t\t<div class=\"elementor-column elementor-col-33 elementor-inner-column elementor-element elementor-element-ec9e47c\" data-id=\"ec9e47c\" data-element_type=\"column\" data-e-type=\"column\">\n\t\t\t<div class=\"elementor-widget-wrap elementor-element-populated\">\n\t\t\t\t\t\t<div class=\"elementor-element elementor-element-b5f1b5b elementor-widget elementor-widget-image\" data-id=\"b5f1b5b\" data-element_type=\"widget\" data-e-type=\"widget\" data-widget_type=\"image.default\">\n\t\t\t\t<div class=\"elementor-widget-container\">\n\t\t\t\t\t\t\t\t\t\t\t\t\t\t\t<img fetchpriority=\"high\" decoding=\"async\" width=\"300\" height=\"218\" src=\"https:\/\/www.visality.de\/wordpress\/wp-content\/uploads\/2020\/02\/Visality_Vektor_einfarbig_20200228-300x218.png\" class=\"attachment-medium size-medium wp-image-2021\" alt=\"\" srcset=\"https:\/\/www.visality.de\/wordpress\/wp-content\/uploads\/2020\/02\/Visality_Vektor_einfarbig_20200228-300x218.png 300w, https:\/\/www.visality.de\/wordpress\/wp-content\/uploads\/2020\/02\/Visality_Vektor_einfarbig_20200228-1024x745.png 1024w, https:\/\/www.visality.de\/wordpress\/wp-content\/uploads\/2020\/02\/Visality_Vektor_einfarbig_20200228-768x559.png 768w, https:\/\/www.visality.de\/wordpress\/wp-content\/uploads\/2020\/02\/Visality_Vektor_einfarbig_20200228-1536x1118.png 1536w, https:\/\/www.visality.de\/wordpress\/wp-content\/uploads\/2020\/02\/Visality_Vektor_einfarbig_20200228-2048x1490.png 2048w\" sizes=\"(max-width: 300px) 100vw, 300px\" \/>\t\t\t\t\t\t\t\t\t\t\t\t\t\t\t<\/div>\n\t\t\t\t<\/div>\n\t\t\t\t\t<\/div>\n\t\t<\/div>\n\t\t\t\t\t<\/div>\n\t\t<\/section>\n\t\t\t\t<div class=\"elementor-element elementor-element-9fd7d2b elementor-widget elementor-widget-spacer\" data-id=\"9fd7d2b\" data-element_type=\"widget\" data-e-type=\"widget\" data-widget_type=\"spacer.default\">\n\t\t\t\t<div class=\"elementor-widget-container\">\n\t\t\t\t\t\t\t<div class=\"elementor-spacer\">\n\t\t\t<div class=\"elementor-spacer-inner\"><\/div>\n\t\t<\/div>\n\t\t\t\t\t\t<\/div>\n\t\t\t\t<\/div>\n\t\t\t\t<div class=\"elementor-element elementor-element-50f6465b elementor-widget elementor-widget-text-editor\" data-id=\"50f6465b\" data-element_type=\"widget\" data-e-type=\"widget\" data-widget_type=\"text-editor.default\">\n\t\t\t\t<div class=\"elementor-widget-container\">\n\t\t\t\t\t\t\t\t\t<p><\/p>\n<h3 class=\"wp-block-heading\"><strong>Virtuelle Besichtigung der VOSS Fluid GmbH<\/strong><\/h3>\n<p><\/p>\n<p>Vielen Dank f\u00fcr Ihre Terminbuchung. Eine Best\u00e4tigung des Termins wird Ihnen in K\u00fcrze automatisiert an die von Ihnen soeben angegebene Email-Adresse zugesendet.<\/p>\n<p><\/p>\n<p>Bitte nehmen Sie zudem zur Kenntnis, dass das Erstellen von Bildschirmfotos oder Mitschnitten der Webkonferenz <strong>strengstens untersagt<\/strong> ist!<\/p>\n<p><\/p>\n<p><\/p>\n<p>F\u00fcr weitere R\u00fcckfragen stehen wir Ihnen per Email zur Verf\u00fcgung:<a href=\"mailto:nils.mollowitz@visality.de\"> nils.mollowitz@<\/a><a href=\"mailto:info@visality.de\">visality.de<\/a><\/p>\n<p><\/p>\n<p>Mit freundlichen Gr\u00fc\u00dfen<br \/><em>Visality Consulting<\/em><\/p>\n<p><\/p>\t\t\t\t\t\t\t\t<\/div>\n\t\t\t\t<\/div>\n\t\t\t\t\t<\/div>\n\t\t<\/div>\n\t\t\t\t\t<\/div>\n\t\t<\/section>\n\t\t\t\t<\/div>\n\t\t","protected":false},"excerpt":{"rendered":"<p>Virtuelle Besichtigung der VOSS Fluid GmbH Vielen Dank f\u00fcr Ihre Terminbuchung. Eine Best\u00e4tigung des Termins wird Ihnen in K\u00fcrze automatisiert an die von Ihnen soeben angegebene Email-Adresse zugesendet. Bitte nehmen Sie zudem zur Kenntnis, dass das Erstellen von Bildschirmfotos oder Mitschnitten der Webkonferenz strengstens untersagt ist! F\u00fcr weitere R\u00fcckfragen stehen wir Ihnen per Email zur [&hellip;]<\/p>\n","protected":false},"author":1,"featured_media":0,"parent":0,"menu_order":0,"comment_status":"closed","ping_status":"closed","template":"","meta":{"site-sidebar-layout":"default","site-content-layout":"default","ast-site-content-layout":"default","site-content-style":"default","site-sidebar-style":"default","ast-global-header-display":"","ast-banner-title-visibility":"","ast-main-header-display":"disabled","ast-hfb-above-header-display":"","ast-hfb-below-header-display":"","ast-hfb-mobile-header-display":"","site-post-title":"disabled","ast-breadcrumbs-content":"","ast-featured-img":"","footer-sml-layout":"","ast-disable-related-posts":"","theme-transparent-header-meta":"default","adv-header-id-meta":"","stick-header-meta":"","header-above-stick-meta":"","header-main-stick-meta":"","header-below-stick-meta":"","astra-migrate-meta-layouts":"default","ast-page-background-enabled":"default","ast-page-background-meta":{"desktop":{"background-color":"","background-image":"","background-repeat":"repeat","background-position":"center center","background-size":"auto","background-attachment":"scroll","background-type":"","background-media":"","overlay-type":"","overlay-color":"","overlay-opacity":"","overlay-gradient":""},"tablet":{"background-color":"","background-image":"","background-repeat":"repeat","background-position":"center center","background-size":"auto","background-attachment":"scroll","background-type":"","background-media":"","overlay-type":"","overlay-color":"","overlay-opacity":"","overlay-gradient":""},"mobile":{"background-color":"","background-image":"","background-repeat":"repeat","background-position":"center center","background-size":"auto","background-attachment":"scroll","background-type":"","background-media":"","overlay-type":"","overlay-color":"","overlay-opacity":"","overlay-gradient":""}},"ast-content-background-meta":{"desktop":{"background-color":"var(--ast-global-color-5)","background-image":"","background-repeat":"repeat","background-position":"center center","background-size":"auto","background-attachment":"scroll","background-type":"","background-media":"","overlay-type":"","overlay-color":"","overlay-opacity":"","overlay-gradient":""},"tablet":{"background-color":"var(--ast-global-color-5)","background-image":"","background-repeat":"repeat","background-position":"center center","background-size":"auto","background-attachment":"scroll","background-type":"","background-media":"","overlay-type":"","overlay-color":"","overlay-opacity":"","overlay-gradient":""},"mobile":{"background-color":"var(--ast-global-color-5)","background-image":"","background-repeat":"repeat","background-position":"center center","background-size":"auto","background-attachment":"scroll","background-type":"","background-media":"","overlay-type":"","overlay-color":"","overlay-opacity":"","overlay-gradient":""}},"footnotes":""},"class_list":["post-6177","page","type-page","status-publish","hentry"],"_links":{"self":[{"href":"https:\/\/www.visality.de\/index.php\/wp-json\/wp\/v2\/pages\/6177","targetHints":{"allow":["GET"]}}],"collection":[{"href":"https:\/\/www.visality.de\/index.php\/wp-json\/wp\/v2\/pages"}],"about":[{"href":"https:\/\/www.visality.de\/index.php\/wp-json\/wp\/v2\/types\/page"}],"author":[{"embeddable":true,"href":"https:\/\/www.visality.de\/index.php\/wp-json\/wp\/v2\/users\/1"}],"replies":[{"embeddable":true,"href":"https:\/\/www.visality.de\/index.php\/wp-json\/wp\/v2\/comments?post=6177"}],"version-history":[{"count":26,"href":"https:\/\/www.visality.de\/index.php\/wp-json\/wp\/v2\/pages\/6177\/revisions"}],"predecessor-version":[{"id":6286,"href":"https:\/\/www.visality.de\/index.php\/wp-json\/wp\/v2\/pages\/6177\/revisions\/6286"}],"wp:attachment":[{"href":"https:\/\/www.visality.de\/index.php\/wp-json\/wp\/v2\/media?parent=6177"}],"curies":[{"name":"wp","href":"https:\/\/api.w.org\/{rel}","templated":true}]}}